{"id":9876,"date":"2024-08-16T08:52:12","date_gmt":"2024-08-16T08:52:12","guid":{"rendered":"https:\/\/hodina.rsq-dev.com\/?post_type=product&#038;p=8610"},"modified":"2025-02-12T20:33:11","modified_gmt":"2025-02-12T18:33:11","slug":"pensiunea-casa-karaman","status":"publish","type":"product","link":"https:\/\/hodina.md\/en\/product\/pensiunea-casa-karaman\/","title":{"rendered":"Casa Karaman guesthouse"},"content":{"rendered":"<h2><span style=\"vertical-align: inherit\"><span style=\"vertical-align: inherit\"><span style=\"vertical-align: inherit\"><span style=\"vertical-align: inherit\">General description<\/span><\/span><\/span><\/span><\/h2>\n<p>At Casa Karaman, visitors can admire traditional objects and exhibits, but also learn about old local stories and legends.<\/p>\n<p>The meals here are prepared from traditional dishes, specific to the area, as their grandmother used to prepare them, according to ancient recipes.<\/p>\n<p>Here, guests can taste unique dishes such as kni\u0161, vazari, pirojcane, chickpea with duck and many other delicious dishes.<\/p>","protected":false},"excerpt":{"rendered":"<p>Descriere general\u0103 La Casa Karaman, vizitatorii pot admira obiectele \u0219i exponatele tradi\u021bionale, dar \u0219i afla pove\u0219tile \u0219i legendele vechi locale. Mesele de aici sunt preg\u0103tite din bucate tradi\u021bionale, specifice zonei, a\u0219a cum le preg\u0103tea bunica, conform re\u021betelor str\u0103vechi. Aici, oaspe\u021bii pot gusta m\u00e2nc\u0103ruri unice, precum cni\u0219, v\u0103rz\u0103ri, pirojcane, n\u0103ut cu ra\u021b\u0103 \u0219i multe alte bucate [&hellip;]<\/p>","protected":false},"featured_media":9522,"comment_status":"closed","ping_status":"closed","template":"","meta":[],"product_brand":[],"product_cat":[298,72],"product_tag":[],"class_list":{"0":"post-9876","1":"product","2":"type-product","3":"status-publish","4":"has-post-thumbnail","6":"brw_housing-pensiuni","7":"product_cat-cazari","8":"product_cat-pensiuni","10":"first","11":"instock","12":"featured","13":"shipping-taxable","14":"purchasable","15":"product-type-ovabrw_car_rental"},"aioseo_notices":[],"_links":{"self":[{"href":"https:\/\/hodina.md\/en\/wp-json\/wp\/v2\/product\/9876","targetHints":{"allow":["GET"]}}],"collection":[{"href":"https:\/\/hodina.md\/en\/wp-json\/wp\/v2\/product"}],"about":[{"href":"https:\/\/hodina.md\/en\/wp-json\/wp\/v2\/types\/product"}],"replies":[{"embeddable":true,"href":"https:\/\/hodina.md\/en\/wp-json\/wp\/v2\/comments?post=9876"}],"wp:featuredmedia":[{"embeddable":true,"href":"https:\/\/hodina.md\/en\/wp-json\/wp\/v2\/media\/9522"}],"wp:attachment":[{"href":"https:\/\/hodina.md\/en\/wp-json\/wp\/v2\/media?parent=9876"}],"wp:term":[{"taxonomy":"product_brand","embeddable":true,"href":"https:\/\/hodina.md\/en\/wp-json\/wp\/v2\/product_brand?post=9876"},{"taxonomy":"product_cat","embeddable":true,"href":"https:\/\/hodina.md\/en\/wp-json\/wp\/v2\/product_cat?post=9876"},{"taxonomy":"product_tag","embeddable":true,"href":"https:\/\/hodina.md\/en\/wp-json\/wp\/v2\/product_tag?post=9876"}],"curies":[{"name":"wp","href":"https:\/\/api.w.org\/{rel}","templated":true}]}}