{"id":9877,"date":"2024-08-16T09:53:09","date_gmt":"2024-08-16T09:53:09","guid":{"rendered":"https:\/\/hodina.rsq-dev.com\/?post_type=product&#038;p=8627"},"modified":"2025-02-12T20:33:11","modified_gmt":"2025-02-12T18:33:11","slug":"casa-rustica","status":"publish","type":"product","link":"https:\/\/hodina.md\/en\/product\/casa-rustica\/","title":{"rendered":"The Rustic House"},"content":{"rendered":"<h2><span style=\"vertical-align: inherit\"><span style=\"vertical-align: inherit\"><span style=\"vertical-align: inherit\"><span style=\"vertical-align: inherit\">General description<\/span><\/span><\/span><\/span><\/h2>\n<p>A wonderful place for connection with nature, an extraordinary landscape in front...<\/p>\n<p>The guesthouse &quot;Casa Rustica&quot; embodies in itself the model of Romanian settlements.<\/p>\n<p>&quot;Casa Rustic\u0103&quot; is a home furnished in the traditional Romanian style of the 19th century.<\/p>\n<p>Its atmosphere will give you the opportunity to feel the charm of those times.<\/p>\n<p>Several domestic animals grow on the territory: goats, ducks, chickens and rabbits.<\/p>","protected":false},"excerpt":{"rendered":"<p>Descriere general\u0103 Un loc minunat pentru conexiunea cu natura, un peisaj extraordinar in fa\u021b\u0103&#8230; Pensiunea &#8222;Casa Rustica&#8221; \u00eentruchipeaz\u0103 \u00een sine modelul a\u0219ez\u0103rilor rom\u00e2ne\u0219ti. \u201eCasa Rustic\u0103\u201d este o gospod\u0103rie amenajat\u0103 \u00een stil tradi\u021bional rom\u00e2nesc al secolului al XIX-lea. Atmosfera acesteia v\u0103 va oferi posibilitatea de a sim\u021bi farmecul acelor vremuri. Pe teritoriu cresc c\u00e2teva animale domestice: [&hellip;]<\/p>","protected":false},"featured_media":9506,"comment_status":"closed","ping_status":"closed","template":"","meta":[],"product_brand":[],"product_cat":[298,73],"product_tag":[],"class_list":{"0":"post-9877","1":"product","2":"type-product","3":"status-publish","4":"has-post-thumbnail","6":"brw_housing-vile","7":"product_cat-cazari","8":"product_cat-vile","10":"first","11":"instock","12":"featured","13":"shipping-taxable","14":"purchasable","15":"product-type-ovabrw_car_rental"},"aioseo_notices":[],"_links":{"self":[{"href":"https:\/\/hodina.md\/en\/wp-json\/wp\/v2\/product\/9877","targetHints":{"allow":["GET"]}}],"collection":[{"href":"https:\/\/hodina.md\/en\/wp-json\/wp\/v2\/product"}],"about":[{"href":"https:\/\/hodina.md\/en\/wp-json\/wp\/v2\/types\/product"}],"replies":[{"embeddable":true,"href":"https:\/\/hodina.md\/en\/wp-json\/wp\/v2\/comments?post=9877"}],"wp:featuredmedia":[{"embeddable":true,"href":"https:\/\/hodina.md\/en\/wp-json\/wp\/v2\/media\/9506"}],"wp:attachment":[{"href":"https:\/\/hodina.md\/en\/wp-json\/wp\/v2\/media?parent=9877"}],"wp:term":[{"taxonomy":"product_brand","embeddable":true,"href":"https:\/\/hodina.md\/en\/wp-json\/wp\/v2\/product_brand?post=9877"},{"taxonomy":"product_cat","embeddable":true,"href":"https:\/\/hodina.md\/en\/wp-json\/wp\/v2\/product_cat?post=9877"},{"taxonomy":"product_tag","embeddable":true,"href":"https:\/\/hodina.md\/en\/wp-json\/wp\/v2\/product_tag?post=9877"}],"curies":[{"name":"wp","href":"https:\/\/api.w.org\/{rel}","templated":true}]}}