{"id":9879,"date":"2024-08-16T10:21:33","date_gmt":"2024-08-16T10:21:33","guid":{"rendered":"https:\/\/hodina.rsq-dev.com\/?post_type=product&#038;p=8659"},"modified":"2025-02-12T20:33:11","modified_gmt":"2025-02-12T18:33:11","slug":"conacul-hellen","status":"publish","type":"product","link":"https:\/\/hodina.md\/en\/product\/conacul-hellen\/","title":{"rendered":"Hellen Manor"},"content":{"rendered":"<h2><span style=\"vertical-align: inherit;\"><span style=\"vertical-align: inherit;\"><span style=\"vertical-align: inherit;\"><span style=\"vertical-align: inherit;\">General description<\/span><\/span><\/span><\/span><\/h2>\n<p>Conacul Hellen in Pitu\u0219ca, C\u0103l\u0103ra\u015fi is the perfect place to spend unforgettable moments and impress guests at your events, whether they are birthdays, business meetings or moments of relaxation with friends.<\/p>\n<p>This country house is 44 km from \u015etefan cel Mare City Park and 44 km from Moldexpo. The nearest airport is Chisinau International Airport, located 58 km from Conacul Pitu\u0219ca.<\/p>","protected":false},"excerpt":{"rendered":"<p>Descriere general\u0103 Conacul Hellen din Pitu\u0219ca, C\u0103l\u0103ra\u0219i este locul perfect pentru a petrece clipe de neuitat \u0219i a impresiona oaspe\u021bii la evenimentele tale, fie c\u0103 sunt zile de na\u0219tere, \u00eent\u00e2lniri de afaceri sau momente de relaxare cu prietenii. Aceast\u0103 cas\u0103 la \u021bar\u0103 se afl\u0103 la 44 km de Parcul Or\u0103\u015fenesc \u015etefan cel Mare \u0219i la [&hellip;]<\/p>","protected":false},"featured_media":9476,"comment_status":"closed","ping_status":"closed","template":"","meta":[],"product_brand":[],"product_cat":[298,72],"product_tag":[],"class_list":{"0":"post-9879","1":"product","2":"type-product","3":"status-publish","4":"has-post-thumbnail","6":"brw_housing-pensiuni","7":"product_cat-cazari","8":"product_cat-pensiuni","10":"first","11":"instock","12":"featured","13":"shipping-taxable","14":"purchasable","15":"product-type-ovabrw_car_rental"},"aioseo_notices":[],"_links":{"self":[{"href":"https:\/\/hodina.md\/en\/wp-json\/wp\/v2\/product\/9879","targetHints":{"allow":["GET"]}}],"collection":[{"href":"https:\/\/hodina.md\/en\/wp-json\/wp\/v2\/product"}],"about":[{"href":"https:\/\/hodina.md\/en\/wp-json\/wp\/v2\/types\/product"}],"replies":[{"embeddable":true,"href":"https:\/\/hodina.md\/en\/wp-json\/wp\/v2\/comments?post=9879"}],"wp:featuredmedia":[{"embeddable":true,"href":"https:\/\/hodina.md\/en\/wp-json\/wp\/v2\/media\/9476"}],"wp:attachment":[{"href":"https:\/\/hodina.md\/en\/wp-json\/wp\/v2\/media?parent=9879"}],"wp:term":[{"taxonomy":"product_brand","embeddable":true,"href":"https:\/\/hodina.md\/en\/wp-json\/wp\/v2\/product_brand?post=9879"},{"taxonomy":"product_cat","embeddable":true,"href":"https:\/\/hodina.md\/en\/wp-json\/wp\/v2\/product_cat?post=9879"},{"taxonomy":"product_tag","embeddable":true,"href":"https:\/\/hodina.md\/en\/wp-json\/wp\/v2\/product_tag?post=9879"}],"curies":[{"name":"wp","href":"https:\/\/api.w.org\/{rel}","templated":true}]}}