{"id":9880,"date":"2024-08-16T10:32:24","date_gmt":"2024-08-16T10:32:24","guid":{"rendered":"https:\/\/hodina.rsq-dev.com\/?post_type=product&#038;p=8685"},"modified":"2025-02-12T20:33:11","modified_gmt":"2025-02-12T18:33:11","slug":"conacul-mierii","status":"publish","type":"product","link":"https:\/\/hodina.md\/en\/product\/conacul-mierii\/","title":{"rendered":"Honey Manor"},"content":{"rendered":"<h2><span style=\"vertical-align: inherit\"><span style=\"vertical-align: inherit\"><span style=\"vertical-align: inherit\"><span style=\"vertical-align: inherit\">General description<\/span><\/span><\/span><\/span><\/h2>\n<p>The Honey Manor is located on a hill in a plum orchard.<\/p>\n<p>The evenings spent watching the stars and seeing the bees return were very beautiful.<\/p>\n<p>We also went with the host to show us what it means to work with bees.<\/p>","protected":false},"excerpt":{"rendered":"<p>Descriere general\u0103 Conacul Mierii se afl\u0103 pe un deal \u00eentr-o livad\u0103 de pruni. Serile petrecute urm\u0103rind stelele \u0219i v\u0103z\u00e2nd albinele \u00eentorc\u00e2ndu-se au fost foarte frumoase. Am fost \u0219i cu gazda s\u0103 ne arate ce \u00eenseamn\u0103 s\u0103 lucrezi cu albinele.<\/p>","protected":false},"featured_media":9451,"comment_status":"closed","ping_status":"closed","template":"","meta":[],"product_brand":[],"product_cat":[298,72],"product_tag":[],"class_list":{"0":"post-9880","1":"product","2":"type-product","3":"status-publish","4":"has-post-thumbnail","6":"brw_housing-pensiuni","7":"product_cat-cazari","8":"product_cat-pensiuni","10":"first","11":"instock","12":"featured","13":"shipping-taxable","14":"purchasable","15":"product-type-ovabrw_car_rental"},"aioseo_notices":[],"_links":{"self":[{"href":"https:\/\/hodina.md\/en\/wp-json\/wp\/v2\/product\/9880","targetHints":{"allow":["GET"]}}],"collection":[{"href":"https:\/\/hodina.md\/en\/wp-json\/wp\/v2\/product"}],"about":[{"href":"https:\/\/hodina.md\/en\/wp-json\/wp\/v2\/types\/product"}],"replies":[{"embeddable":true,"href":"https:\/\/hodina.md\/en\/wp-json\/wp\/v2\/comments?post=9880"}],"wp:featuredmedia":[{"embeddable":true,"href":"https:\/\/hodina.md\/en\/wp-json\/wp\/v2\/media\/9451"}],"wp:attachment":[{"href":"https:\/\/hodina.md\/en\/wp-json\/wp\/v2\/media?parent=9880"}],"wp:term":[{"taxonomy":"product_brand","embeddable":true,"href":"https:\/\/hodina.md\/en\/wp-json\/wp\/v2\/product_brand?post=9880"},{"taxonomy":"product_cat","embeddable":true,"href":"https:\/\/hodina.md\/en\/wp-json\/wp\/v2\/product_cat?post=9880"},{"taxonomy":"product_tag","embeddable":true,"href":"https:\/\/hodina.md\/en\/wp-json\/wp\/v2\/product_tag?post=9880"}],"curies":[{"name":"wp","href":"https:\/\/api.w.org\/{rel}","templated":true}]}}