{"id":9881,"date":"2024-08-16T10:41:03","date_gmt":"2024-08-16T10:41:03","guid":{"rendered":"https:\/\/hodina.rsq-dev.com\/?post_type=product&#038;p=8702"},"modified":"2025-08-15T09:22:41","modified_gmt":"2025-08-15T06:22:41","slug":"la-tudora","status":"publish","type":"product","link":"https:\/\/hodina.md\/en\/product\/la-tudora\/","title":{"rendered":"At Tudora"},"content":{"rendered":"<h2><span style=\"vertical-align: inherit;\"><span style=\"vertical-align: inherit;\"><span style=\"vertical-align: inherit;\"><span style=\"vertical-align: inherit;\">General description<\/span><\/span><\/span><\/span><\/h2>\n<p>&quot;La Tudora&quot; guesthouse is the place where eternity was born at home, a special refuge in the heart of nature, where longing, the beauty of the Dniester and the joy of living harmoniously intertwine, creating an unforgettable atmosphere and offering you an authentic and lively experience .<\/p>","protected":false},"excerpt":{"rendered":"<p>Descriere general\u0103 Pensiunea \u201eLa Tudora\u201d este locul unde ve\u0219nicia s-a n\u0103scut acas\u0103, un refugiu deosebit \u00een inima naturii, unde dorul, frumuse\u021bea Nistrului \u0219i bucuria de a tr\u0103i se \u00eempletesc armonios, cre\u00e2nd o atmosfer\u0103 de neuitat \u0219i oferindu-v\u0103 o experien\u021b\u0103 autentic\u0103 \u0219i plin\u0103 de via\u021b\u0103.<\/p>","protected":false},"featured_media":9435,"comment_status":"closed","ping_status":"closed","template":"","meta":[],"product_brand":[],"product_cat":[107,298],"product_tag":[],"class_list":{"0":"post-9881","1":"product","2":"type-product","3":"status-publish","4":"has-post-thumbnail","6":"brw_housing-casute","7":"brw_location-stefan-voda","8":"product_cat-casute","9":"product_cat-cazari","11":"first","12":"instock","13":"featured","14":"shipping-taxable","15":"purchasable","16":"product-type-ovabrw_car_rental"},"aioseo_notices":[],"_links":{"self":[{"href":"https:\/\/hodina.md\/en\/wp-json\/wp\/v2\/product\/9881","targetHints":{"allow":["GET"]}}],"collection":[{"href":"https:\/\/hodina.md\/en\/wp-json\/wp\/v2\/product"}],"about":[{"href":"https:\/\/hodina.md\/en\/wp-json\/wp\/v2\/types\/product"}],"replies":[{"embeddable":true,"href":"https:\/\/hodina.md\/en\/wp-json\/wp\/v2\/comments?post=9881"}],"wp:featuredmedia":[{"embeddable":true,"href":"https:\/\/hodina.md\/en\/wp-json\/wp\/v2\/media\/9435"}],"wp:attachment":[{"href":"https:\/\/hodina.md\/en\/wp-json\/wp\/v2\/media?parent=9881"}],"wp:term":[{"taxonomy":"product_brand","embeddable":true,"href":"https:\/\/hodina.md\/en\/wp-json\/wp\/v2\/product_brand?post=9881"},{"taxonomy":"product_cat","embeddable":true,"href":"https:\/\/hodina.md\/en\/wp-json\/wp\/v2\/product_cat?post=9881"},{"taxonomy":"product_tag","embeddable":true,"href":"https:\/\/hodina.md\/en\/wp-json\/wp\/v2\/product_tag?post=9881"}],"curies":[{"name":"wp","href":"https:\/\/api.w.org\/{rel}","templated":true}]}}