{"id":9884,"date":"2024-08-16T11:19:26","date_gmt":"2024-08-16T11:19:26","guid":{"rendered":"https:\/\/hodina.rsq-dev.com\/?post_type=product&#038;p=8765"},"modified":"2025-02-12T20:33:11","modified_gmt":"2025-02-12T18:33:11","slug":"casuta-din-padure","status":"publish","type":"product","link":"https:\/\/hodina.md\/en\/product\/casuta-din-padure\/","title":{"rendered":"The little house in the forest"},"content":{"rendered":"<h2><span style=\"vertical-align: inherit\"><span style=\"vertical-align: inherit\"><span style=\"vertical-align: inherit\"><span style=\"vertical-align: inherit\">General description<\/span><\/span><\/span><\/span><\/h2>\n<p>Come and enjoy a unique experience in the middle of nature, just a few steps from civilization, but so far from the daily hustle and bustle.<\/p>\n<p>Imagine what it would be like to relax in a hot tub, surrounded by fresh forest air and the soothing sounds of nature.<\/p>\n<p>Whether you want to disconnect from the world, spend quality time with your loved ones or pamper yourself in an oasis of peace, C\u0103su\u021ba din P\u0103dure is the ideal place.<\/p>\n<p>We have created an intimate and comfortable atmosphere, where every detail is thought out to give you the ultimate relaxation.<\/p>\n<p>From the rustic yet modern decor to the top amenities, everything is set up to make you feel special.<\/p>\n<p>Regardless of whether you dream of an active vacation, exploring the beauties of the forest, or a quiet retreat, where time seems to stand still, the Forest Cottage will win you over from the first visit.<\/p>","protected":false},"excerpt":{"rendered":"<p>Descriere general\u0103 Vino s\u0103 te bucuri de o experien\u021b\u0103 unic\u0103, \u00een mijlocul naturii, la doar c\u00e2\u021biva pa\u0219i de civiliza\u021bie, dar at\u00e2t de departe de agita\u021bia zilnic\u0103. Imagineaz\u0103-\u021bi cum ar fi s\u0103 te relaxezi \u00eentr-un ciub\u0103r fierbinte, \u00eenconjurat de aerul curat al p\u0103durii \u0219i de sunetele lini\u0219titoare ale naturii. Fie c\u0103 vrei s\u0103 te deconectezi de [&hellip;]<\/p>","protected":false},"featured_media":9376,"comment_status":"closed","ping_status":"closed","template":"","meta":[],"product_brand":[],"product_cat":[107,298],"product_tag":[],"class_list":{"0":"post-9884","1":"product","2":"type-product","3":"status-publish","4":"has-post-thumbnail","6":"brw_housing-casute","7":"product_cat-casute","8":"product_cat-cazari","10":"first","11":"instock","12":"featured","13":"shipping-taxable","14":"purchasable","15":"product-type-ovabrw_car_rental"},"aioseo_notices":[],"_links":{"self":[{"href":"https:\/\/hodina.md\/en\/wp-json\/wp\/v2\/product\/9884","targetHints":{"allow":["GET"]}}],"collection":[{"href":"https:\/\/hodina.md\/en\/wp-json\/wp\/v2\/product"}],"about":[{"href":"https:\/\/hodina.md\/en\/wp-json\/wp\/v2\/types\/product"}],"replies":[{"embeddable":true,"href":"https:\/\/hodina.md\/en\/wp-json\/wp\/v2\/comments?post=9884"}],"wp:featuredmedia":[{"embeddable":true,"href":"https:\/\/hodina.md\/en\/wp-json\/wp\/v2\/media\/9376"}],"wp:attachment":[{"href":"https:\/\/hodina.md\/en\/wp-json\/wp\/v2\/media?parent=9884"}],"wp:term":[{"taxonomy":"product_brand","embeddable":true,"href":"https:\/\/hodina.md\/en\/wp-json\/wp\/v2\/product_brand?post=9884"},{"taxonomy":"product_cat","embeddable":true,"href":"https:\/\/hodina.md\/en\/wp-json\/wp\/v2\/product_cat?post=9884"},{"taxonomy":"product_tag","embeddable":true,"href":"https:\/\/hodina.md\/en\/wp-json\/wp\/v2\/product_tag?post=9884"}],"curies":[{"name":"wp","href":"https:\/\/api.w.org\/{rel}","templated":true}]}}