{"id":9885,"date":"2024-08-16T11:28:15","date_gmt":"2024-08-16T11:28:15","guid":{"rendered":"https:\/\/hodina.rsq-dev.com\/?post_type=product&#038;p=8776"},"modified":"2025-02-12T20:33:11","modified_gmt":"2025-02-12T18:33:11","slug":"baza-de-odihna-romanesti","status":"publish","type":"product","link":"https:\/\/hodina.md\/en\/product\/baza-de-odihna-romanesti\/","title":{"rendered":"Rest base Rom\u0103nesti"},"content":{"rendered":"<h2><span style=\"vertical-align: inherit\"><span style=\"vertical-align: inherit\"><span style=\"vertical-align: inherit\"><span style=\"vertical-align: inherit\">General description<\/span><\/span><\/span><\/span><\/h2>\n<p>We invite you to discover a corner of heaven with us, where comfort and fun come together perfectly.<\/p>\n<p>Whether you choose to relax in a cottage equipped with all modern amenities or spend quality time with friends in a spacious gazebo, the experience will be unforgettable.<\/p>\n<p>The varied activities, from canoeing and SUP-boarding to the open bar where you can cool down with a cold beer or enjoy a hot dog, make this the ideal destination for relaxation and adventure.<\/p>\n<p>Come and create unforgettable memories!<\/p>","protected":false},"excerpt":{"rendered":"<p>Descriere general\u0103 V\u0103 invit\u0103m s\u0103 descoperi\u021bi un col\u021b de rai la noi, unde confortul \u0219i distrac\u021bia se \u00eembin\u0103 perfect. Fie c\u0103 alege\u021bi s\u0103 v\u0103 relaxa\u021bi \u00eentr-o c\u0103su\u021b\u0103 dotat\u0103 cu toate facilit\u0103\u021bile moderne sau s\u0103 petrece\u021bi timp de calitate cu prietenii \u00eentr-un foi\u0219or spa\u021bios, experien\u021ba va fi de neuitat. Activit\u0103\u021bile variate, de la canoe \u0219i SUP-boarduri [&hellip;]<\/p>","protected":false},"featured_media":9366,"comment_status":"closed","ping_status":"closed","template":"","meta":[],"product_brand":[],"product_cat":[298,72],"product_tag":[],"class_list":{"0":"post-9885","1":"product","2":"type-product","3":"status-publish","4":"has-post-thumbnail","6":"brw_housing-pensiuni","7":"product_cat-cazari","8":"product_cat-pensiuni","10":"first","11":"instock","12":"featured","13":"shipping-taxable","14":"purchasable","15":"product-type-ovabrw_car_rental"},"aioseo_notices":[],"_links":{"self":[{"href":"https:\/\/hodina.md\/en\/wp-json\/wp\/v2\/product\/9885","targetHints":{"allow":["GET"]}}],"collection":[{"href":"https:\/\/hodina.md\/en\/wp-json\/wp\/v2\/product"}],"about":[{"href":"https:\/\/hodina.md\/en\/wp-json\/wp\/v2\/types\/product"}],"replies":[{"embeddable":true,"href":"https:\/\/hodina.md\/en\/wp-json\/wp\/v2\/comments?post=9885"}],"wp:featuredmedia":[{"embeddable":true,"href":"https:\/\/hodina.md\/en\/wp-json\/wp\/v2\/media\/9366"}],"wp:attachment":[{"href":"https:\/\/hodina.md\/en\/wp-json\/wp\/v2\/media?parent=9885"}],"wp:term":[{"taxonomy":"product_brand","embeddable":true,"href":"https:\/\/hodina.md\/en\/wp-json\/wp\/v2\/product_brand?post=9885"},{"taxonomy":"product_cat","embeddable":true,"href":"https:\/\/hodina.md\/en\/wp-json\/wp\/v2\/product_cat?post=9885"},{"taxonomy":"product_tag","embeddable":true,"href":"https:\/\/hodina.md\/en\/wp-json\/wp\/v2\/product_tag?post=9885"}],"curies":[{"name":"wp","href":"https:\/\/api.w.org\/{rel}","templated":true}]}}