{"id":9887,"date":"2024-08-16T20:21:20","date_gmt":"2024-08-16T20:21:20","guid":{"rendered":"https:\/\/hodina.rsq-dev.com\/?post_type=product&#038;p=8806"},"modified":"2025-02-12T20:33:11","modified_gmt":"2025-02-12T18:33:11","slug":"nistrum","status":"publish","type":"product","link":"https:\/\/hodina.md\/en\/product\/nistrum\/","title":{"rendered":"DniesterM"},"content":{"rendered":"<h2><span style=\"vertical-align: inherit\"><span style=\"vertical-align: inherit\"><span style=\"vertical-align: inherit\"><span style=\"vertical-align: inherit\">General description<\/span><\/span><\/span><\/span><\/h2>\n<p data-plugininputid=\"2138\">Are you looking for paradise on earth? We already found it!<\/p>\n<p data-plugininputid=\"2138\">We invite you to NistruM - a unique place to relax in the bosom of nature.<\/p>\n<p data-plugininputid=\"2139\">Our complex is located in the middle of the most picturesque landscapes of the village of Malovata Veche, at a distance of 60 km from Chisinau, right on the banks of the Dniester.<\/p>\n<p data-plugininputid=\"2139\">By the way, the Dniester here is the deepest (25 m) and the widest (2.5 km).<\/p>\n<p data-plugininputid=\"2140\">We have created all the conditions for you to relax and take a break from the urban bustle.<\/p>\n<p data-plugininputid=\"2140\">Our comfortable rooms are equipped with everything you need, and the restaurant-terrace will conquer even the most sophisticated gourmets not only with delicious dishes, but also with a breathtaking view.<\/p>\n<p data-plugininputid=\"2140\">Families with children will appreciate the well-maintained beach with gazebos.<\/p>","protected":false},"excerpt":{"rendered":"<p>Descriere general\u0103 Sunte\u021bi \u00een c\u0103utarea paradisului pe p\u0103m\u00e2nt? Noi l-am g\u0103sit deja! V\u0103 invit\u0103m la NistruM &#8211; un loc unic pentru a v\u0103 relaxa \u00een s\u00e2nul naturii. Complexul nostru este situat \u00een mijlocul celor mai pitore\u0219ti peisaje a satului Malovata Veche, la o distan\u021b\u0103 de 60 km de la Chi\u0219in\u0103u, chiar pe malul Nistrului. Apropo, [&hellip;]<\/p>","protected":false},"featured_media":9338,"comment_status":"closed","ping_status":"closed","template":"","meta":[],"product_brand":[],"product_cat":[107,298],"product_tag":[],"class_list":{"0":"post-9887","1":"product","2":"type-product","3":"status-publish","4":"has-post-thumbnail","6":"brw_housing-casute","7":"product_cat-casute","8":"product_cat-cazari","10":"first","11":"instock","12":"featured","13":"shipping-taxable","14":"purchasable","15":"product-type-ovabrw_car_rental"},"aioseo_notices":[],"_links":{"self":[{"href":"https:\/\/hodina.md\/en\/wp-json\/wp\/v2\/product\/9887","targetHints":{"allow":["GET"]}}],"collection":[{"href":"https:\/\/hodina.md\/en\/wp-json\/wp\/v2\/product"}],"about":[{"href":"https:\/\/hodina.md\/en\/wp-json\/wp\/v2\/types\/product"}],"replies":[{"embeddable":true,"href":"https:\/\/hodina.md\/en\/wp-json\/wp\/v2\/comments?post=9887"}],"wp:featuredmedia":[{"embeddable":true,"href":"https:\/\/hodina.md\/en\/wp-json\/wp\/v2\/media\/9338"}],"wp:attachment":[{"href":"https:\/\/hodina.md\/en\/wp-json\/wp\/v2\/media?parent=9887"}],"wp:term":[{"taxonomy":"product_brand","embeddable":true,"href":"https:\/\/hodina.md\/en\/wp-json\/wp\/v2\/product_brand?post=9887"},{"taxonomy":"product_cat","embeddable":true,"href":"https:\/\/hodina.md\/en\/wp-json\/wp\/v2\/product_cat?post=9887"},{"taxonomy":"product_tag","embeddable":true,"href":"https:\/\/hodina.md\/en\/wp-json\/wp\/v2\/product_tag?post=9887"}],"curies":[{"name":"wp","href":"https:\/\/api.w.org\/{rel}","templated":true}]}}