{"id":9888,"date":"2024-08-16T20:33:11","date_gmt":"2024-08-16T20:33:11","guid":{"rendered":"https:\/\/hodina.rsq-dev.com\/?post_type=product&#038;p=8824"},"modified":"2025-02-12T20:33:11","modified_gmt":"2025-02-12T18:33:11","slug":"salcioara","status":"publish","type":"product","link":"https:\/\/hodina.md\/en\/product\/salcioara\/","title":{"rendered":"SALCIOARA"},"content":{"rendered":"<h2><span style=\"vertical-align: inherit\"><span style=\"vertical-align: inherit\"><span style=\"vertical-align: inherit\"><span style=\"vertical-align: inherit\">General description<\/span><\/span><\/span><\/span><\/h2>\n<p data-plugininputid=\"2138\">Our cottages await you for a superb rest and relaxation in nature.<\/p>\n<p data-plugininputid=\"2138\">Here you can prepare meat, fish, small or small sausages, vegetables, skewers and all your favourites.<\/p>\n<p data-plugininputid=\"2138\">Here you can celebrate important events with friends.<br class=\"html-br\" \/><br class=\"html-br\" \/>Regardless of the weather outside, it&#039;s warm and cozy here.\u00a0<br class=\"html-br\" \/><br class=\"html-br\" \/>Your imagination is only limited by your appetites.<\/p>\n<p data-plugininputid=\"2138\">Our grill helps you prepare the tastiest meals.<\/p>","protected":false},"excerpt":{"rendered":"<p>Descriere general\u0103 C\u0103su\u021bele noastre v\u0103 a\u0219teapt\u0103 pentru o odihn\u0103 superb\u0103 \u0219i relax la natur\u0103. Aici pute\u021bi preparara carnea, pe\u0219tele, c\u00e2rna\u021bei sau mici, legume, frig\u0103rui \u0219i toate cele preferate. Aici pute\u021bi s\u0103rb\u0103tori evenimente importante \u00eempreun\u0103 cu prieteni.Indiferent de timpul de afar\u0103, aici e cald \u0219i confortabil.\u00a0Imagina\u021bia este limitat\u0103 doar de poftele voastre. Gratarul nostru v\u0103 ajut\u0103 [&hellip;]<\/p>","protected":false},"featured_media":9321,"comment_status":"closed","ping_status":"closed","template":"","meta":[],"product_brand":[],"product_cat":[107,298],"product_tag":[],"class_list":{"0":"post-9888","1":"product","2":"type-product","3":"status-publish","4":"has-post-thumbnail","6":"brw_housing-casute","7":"product_cat-casute","8":"product_cat-cazari","10":"first","11":"instock","12":"featured","13":"shipping-taxable","14":"purchasable","15":"product-type-ovabrw_car_rental"},"aioseo_notices":[],"_links":{"self":[{"href":"https:\/\/hodina.md\/en\/wp-json\/wp\/v2\/product\/9888","targetHints":{"allow":["GET"]}}],"collection":[{"href":"https:\/\/hodina.md\/en\/wp-json\/wp\/v2\/product"}],"about":[{"href":"https:\/\/hodina.md\/en\/wp-json\/wp\/v2\/types\/product"}],"replies":[{"embeddable":true,"href":"https:\/\/hodina.md\/en\/wp-json\/wp\/v2\/comments?post=9888"}],"wp:featuredmedia":[{"embeddable":true,"href":"https:\/\/hodina.md\/en\/wp-json\/wp\/v2\/media\/9321"}],"wp:attachment":[{"href":"https:\/\/hodina.md\/en\/wp-json\/wp\/v2\/media?parent=9888"}],"wp:term":[{"taxonomy":"product_brand","embeddable":true,"href":"https:\/\/hodina.md\/en\/wp-json\/wp\/v2\/product_brand?post=9888"},{"taxonomy":"product_cat","embeddable":true,"href":"https:\/\/hodina.md\/en\/wp-json\/wp\/v2\/product_cat?post=9888"},{"taxonomy":"product_tag","embeddable":true,"href":"https:\/\/hodina.md\/en\/wp-json\/wp\/v2\/product_tag?post=9888"}],"curies":[{"name":"wp","href":"https:\/\/api.w.org\/{rel}","templated":true}]}}