{"id":9889,"date":"2024-08-16T20:44:16","date_gmt":"2024-08-16T20:44:16","guid":{"rendered":"https:\/\/hodina.rsq-dev.com\/?post_type=product&#038;p=8843"},"modified":"2025-02-12T20:33:11","modified_gmt":"2025-02-12T18:33:11","slug":"pensiunea-din-holercani","status":"publish","type":"product","link":"https:\/\/hodina.md\/en\/product\/pensiunea-din-holercani\/","title":{"rendered":"The guesthouse in Holercani"},"content":{"rendered":"<h2><span style=\"vertical-align: inherit\"><span style=\"vertical-align: inherit\"><span style=\"vertical-align: inherit\"><span style=\"vertical-align: inherit\">General description<\/span><\/span><\/span><\/span><\/h2>\n<p data-plugininputid=\"2138\">&quot;Holercani guesthouse&quot; is a popular destination for tourists who want to enjoy nature, relaxation and recreational activities.<\/p>\n<p data-plugininputid=\"2138\">It offers its visitors two hotel blocks and four cottages.<\/p>\n<p data-plugininputid=\"2138\">\u00a0Located in a picturesque area, on the banks of the Dniester River, the Guest House offers visitors an incredible landscape and a perfect place to relax.<\/p>\n<p data-plugininputid=\"2138\">77 rooms in two hotel blocks, 4 small houses with three apartments each, 3 conference rooms, 2 halls for festive events.<\/p>\n<p data-plugininputid=\"2138\">On the territory you will find a football field, volleyball field, playground, beach, places for barbecue.<\/p>","protected":false},"excerpt":{"rendered":"<p>Descriere general\u0103 \u201ePensiunea din Holercani\u201d este o destina\u021bie popular\u0103 pentru turi\u0219tii care doresc s\u0103 se bucure de natur\u0103, relaxare \u0219i activit\u0103\u021bi recreative. Aceasta propune vizitatorilor s\u0103i dou\u0103 blocuri hoteliere \u0219i patru c\u0103su\u021be. \u00a0Amplasat\u0103 \u00eentr-o zon\u0103 pitoreasc\u0103, pe malul r\u00eeului Nistru, Pensiunea ofer\u0103 vizitatorilor un peisaj incredibil \u0219i un loc perfect pentru relaxare. 77 od\u0103i \u00een [&hellip;]<\/p>","protected":false},"featured_media":9303,"comment_status":"closed","ping_status":"closed","template":"","meta":[],"product_brand":[],"product_cat":[298,72],"product_tag":[],"class_list":{"0":"post-9889","1":"product","2":"type-product","3":"status-publish","4":"has-post-thumbnail","6":"brw_housing-pensiuni","7":"product_cat-cazari","8":"product_cat-pensiuni","10":"first","11":"instock","12":"featured","13":"shipping-taxable","14":"purchasable","15":"product-type-ovabrw_car_rental"},"aioseo_notices":[],"_links":{"self":[{"href":"https:\/\/hodina.md\/en\/wp-json\/wp\/v2\/product\/9889","targetHints":{"allow":["GET"]}}],"collection":[{"href":"https:\/\/hodina.md\/en\/wp-json\/wp\/v2\/product"}],"about":[{"href":"https:\/\/hodina.md\/en\/wp-json\/wp\/v2\/types\/product"}],"replies":[{"embeddable":true,"href":"https:\/\/hodina.md\/en\/wp-json\/wp\/v2\/comments?post=9889"}],"wp:featuredmedia":[{"embeddable":true,"href":"https:\/\/hodina.md\/en\/wp-json\/wp\/v2\/media\/9303"}],"wp:attachment":[{"href":"https:\/\/hodina.md\/en\/wp-json\/wp\/v2\/media?parent=9889"}],"wp:term":[{"taxonomy":"product_brand","embeddable":true,"href":"https:\/\/hodina.md\/en\/wp-json\/wp\/v2\/product_brand?post=9889"},{"taxonomy":"product_cat","embeddable":true,"href":"https:\/\/hodina.md\/en\/wp-json\/wp\/v2\/product_cat?post=9889"},{"taxonomy":"product_tag","embeddable":true,"href":"https:\/\/hodina.md\/en\/wp-json\/wp\/v2\/product_tag?post=9889"}],"curies":[{"name":"wp","href":"https:\/\/api.w.org\/{rel}","templated":true}]}}