{"id":9890,"date":"2024-08-19T21:28:03","date_gmt":"2024-08-19T21:28:03","guid":{"rendered":"https:\/\/hodina.rsq-dev.com\/?post_type=product&#038;p=8863"},"modified":"2025-02-12T20:33:11","modified_gmt":"2025-02-12T18:33:11","slug":"bruce-home","status":"publish","type":"product","link":"https:\/\/hodina.md\/en\/product\/bruce-home\/","title":{"rendered":"Bruce Home"},"content":{"rendered":"<h2><span style=\"vertical-align: inherit\"><span style=\"vertical-align: inherit\"><span style=\"vertical-align: inherit\"><span style=\"vertical-align: inherit\">General description<\/span><\/span><\/span><\/span><\/h2>\n<p data-plugininputid=\"2138\">Bruce Home offers 32 places to stay, with separate parking and a rest area where you can forget the hustle and bustle of the city.<\/p>\n<p data-plugininputid=\"2138\">The sun from Coju\u0161na is your best friend, and the clean air and the green area add value to the location, where everyone will feel wonderful.<\/p>","protected":false},"excerpt":{"rendered":"<p>Descriere general\u0103 Bruce Home ofer\u0103 32 de locuri de cazare, cu parcare separat\u0103 \u0219i zon\u0103 de odihn\u0103, unde pute\u021bi uita de aglomera\u021bia din ora\u0219. Soarele de la Coju\u0219na e cel mai bun prieten, iar aerul curat \u0219i zona verde dau plus valoare loca\u021biei, unde fiecare se va sim\u021bi minunat.<\/p>","protected":false},"featured_media":9262,"comment_status":"closed","ping_status":"closed","template":"","meta":[],"product_brand":[],"product_cat":[298,72],"product_tag":[],"class_list":{"0":"post-9890","1":"product","2":"type-product","3":"status-publish","4":"has-post-thumbnail","6":"brw_housing-pensiuni","7":"product_cat-cazari","8":"product_cat-pensiuni","10":"first","11":"instock","12":"featured","13":"shipping-taxable","14":"purchasable","15":"product-type-ovabrw_car_rental"},"aioseo_notices":[],"_links":{"self":[{"href":"https:\/\/hodina.md\/en\/wp-json\/wp\/v2\/product\/9890","targetHints":{"allow":["GET"]}}],"collection":[{"href":"https:\/\/hodina.md\/en\/wp-json\/wp\/v2\/product"}],"about":[{"href":"https:\/\/hodina.md\/en\/wp-json\/wp\/v2\/types\/product"}],"replies":[{"embeddable":true,"href":"https:\/\/hodina.md\/en\/wp-json\/wp\/v2\/comments?post=9890"}],"wp:featuredmedia":[{"embeddable":true,"href":"https:\/\/hodina.md\/en\/wp-json\/wp\/v2\/media\/9262"}],"wp:attachment":[{"href":"https:\/\/hodina.md\/en\/wp-json\/wp\/v2\/media?parent=9890"}],"wp:term":[{"taxonomy":"product_brand","embeddable":true,"href":"https:\/\/hodina.md\/en\/wp-json\/wp\/v2\/product_brand?post=9890"},{"taxonomy":"product_cat","embeddable":true,"href":"https:\/\/hodina.md\/en\/wp-json\/wp\/v2\/product_cat?post=9890"},{"taxonomy":"product_tag","embeddable":true,"href":"https:\/\/hodina.md\/en\/wp-json\/wp\/v2\/product_tag?post=9890"}],"curies":[{"name":"wp","href":"https:\/\/api.w.org\/{rel}","templated":true}]}}