{"id":9891,"date":"2024-08-19T21:41:05","date_gmt":"2024-08-19T21:41:05","guid":{"rendered":"https:\/\/hodina.rsq-dev.com\/?post_type=product&#038;p=8887"},"modified":"2025-02-12T20:33:11","modified_gmt":"2025-02-12T18:33:11","slug":"forest-chill-zone","status":"publish","type":"product","link":"https:\/\/hodina.md\/en\/product\/forest-chill-zone\/","title":{"rendered":"Forest chill zone"},"content":{"rendered":"<h2><span style=\"vertical-align: inherit;\"><span style=\"vertical-align: inherit;\"><span style=\"vertical-align: inherit;\"><span style=\"vertical-align: inherit;\">General description<\/span><\/span><\/span><\/span><\/h2>\n<p data-plugininputid=\"2138\">Here you can come with friends, colleagues or family, the important thing is not to exceed the number of 18 people.<\/p>\n<p data-plugininputid=\"2138\">Forest Chill Zone in Balti: absolute relaxation in a luxury cabin with private pool, terrace, and spectacular view of the garden.<\/p>\n<p data-plugininputid=\"2138\">Enjoy air conditioning, free Wi-Fi, and all modern comforts for an unforgettable getaway!<\/p>","protected":false},"excerpt":{"rendered":"<p>Descriere general\u0103 Aici po\u021bi veni cu prietenii, colegii sau familia, important este s\u0103 nu dep\u0103\u0219i\u021bi num\u0103rul de 18 persoane. Forest Chill Zone din B\u0103l\u021bi: relaxare absolut\u0103 \u00eentr-o caban\u0103 de lux cu piscin\u0103 privat\u0103, teras\u0103, \u0219i vedere spectaculoas\u0103 la gr\u0103din\u0103. Bucur\u0103-te de aer condi\u021bionat, Wi-Fi gratuit, \u0219i toate conforturile moderne pentru o escapad\u0103 de neuitat!<\/p>","protected":false},"featured_media":9261,"comment_status":"closed","ping_status":"closed","template":"","meta":[],"product_brand":[],"product_cat":[68,298],"product_tag":[],"class_list":{"0":"post-9891","1":"product","2":"type-product","3":"status-publish","4":"has-post-thumbnail","6":"brw_housing-cabane","7":"product_cat-cabane","8":"product_cat-cazari","10":"first","11":"instock","12":"featured","13":"shipping-taxable","14":"purchasable","15":"product-type-ovabrw_car_rental"},"aioseo_notices":[],"_links":{"self":[{"href":"https:\/\/hodina.md\/en\/wp-json\/wp\/v2\/product\/9891","targetHints":{"allow":["GET"]}}],"collection":[{"href":"https:\/\/hodina.md\/en\/wp-json\/wp\/v2\/product"}],"about":[{"href":"https:\/\/hodina.md\/en\/wp-json\/wp\/v2\/types\/product"}],"replies":[{"embeddable":true,"href":"https:\/\/hodina.md\/en\/wp-json\/wp\/v2\/comments?post=9891"}],"wp:featuredmedia":[{"embeddable":true,"href":"https:\/\/hodina.md\/en\/wp-json\/wp\/v2\/media\/9261"}],"wp:attachment":[{"href":"https:\/\/hodina.md\/en\/wp-json\/wp\/v2\/media?parent=9891"}],"wp:term":[{"taxonomy":"product_brand","embeddable":true,"href":"https:\/\/hodina.md\/en\/wp-json\/wp\/v2\/product_brand?post=9891"},{"taxonomy":"product_cat","embeddable":true,"href":"https:\/\/hodina.md\/en\/wp-json\/wp\/v2\/product_cat?post=9891"},{"taxonomy":"product_tag","embeddable":true,"href":"https:\/\/hodina.md\/en\/wp-json\/wp\/v2\/product_tag?post=9891"}],"curies":[{"name":"wp","href":"https:\/\/api.w.org\/{rel}","templated":true}]}}