{"id":9892,"date":"2024-08-19T22:06:42","date_gmt":"2024-08-19T22:06:42","guid":{"rendered":"https:\/\/hodina.rsq-dev.com\/?post_type=product&#038;p=8899"},"modified":"2025-02-12T20:33:11","modified_gmt":"2025-02-12T18:33:11","slug":"agropensiunea-la-prisaca","status":"publish","type":"product","link":"https:\/\/hodina.md\/en\/product\/agropensiunea-la-prisaca\/","title":{"rendered":"La Prisac\u0103 Farmhouse"},"content":{"rendered":"<h2><span style=\"vertical-align: inherit\"><span style=\"vertical-align: inherit\"><span style=\"vertical-align: inherit\"><span style=\"vertical-align: inherit\">General description<\/span><\/span><\/span><\/span><\/h2>\n<p data-plugininputid=\"2138\">The La Prisac\u0103 guesthouse offers accommodation in Orhei.<\/p>\n<p data-plugininputid=\"2138\">With a garden, this 5-star hotel has air-conditioned rooms with free WiFi, all with a private bathroom and a terrace and garden view.<\/p>\n<p data-plugininputid=\"2138\">Guests can also dine at the restaurant or enjoy drinks at the bar.<\/p>\n<p data-plugininputid=\"2138\">Guests can enjoy a full English\/Irish, vegetarian or vegan breakfast each day.<\/p>\n<p data-plugininputid=\"2138\">The La Prisac\u0103 guesthouse offers a playground for children.<\/p>\n<p data-plugininputid=\"2138\">The area is popular for hiking and cycling, and Agropensiunea La Prisac\u0103 offers bike hire.<\/p>\n<p data-plugininputid=\"2138\">Languages spoken at the 24-hour front desk include British English, Romanian and Russian.<\/p>","protected":false},"excerpt":{"rendered":"<p>Descriere general\u0103 Agropensiunea La Prisac\u0103 ofer\u0103 cazare \u00een Orhei. Acest hotel de 5 stele ofer\u0103 o gr\u0103din\u0103, precum \u0219i camere cu aer condi\u021bionat \u0219i WiFi gratuit, care beneficiaz\u0103 toate de o baie proprie \u0219i ofer\u0103 o teras\u0103 \u0219i vedere la gr\u0103din\u0103. De asemenea, oaspe\u021bii pot lua masa la restaurant sau savura b\u0103uturi la bar. Oaspe\u021bii [&hellip;]<\/p>","protected":false},"featured_media":9250,"comment_status":"closed","ping_status":"closed","template":"","meta":[],"product_brand":[],"product_cat":[298,72],"product_tag":[],"class_list":{"0":"post-9892","1":"product","2":"type-product","3":"status-publish","4":"has-post-thumbnail","6":"brw_housing-pensiuni","7":"product_cat-cazari","8":"product_cat-pensiuni","10":"first","11":"instock","12":"featured","13":"shipping-taxable","14":"purchasable","15":"product-type-ovabrw_car_rental"},"aioseo_notices":[],"_links":{"self":[{"href":"https:\/\/hodina.md\/en\/wp-json\/wp\/v2\/product\/9892","targetHints":{"allow":["GET"]}}],"collection":[{"href":"https:\/\/hodina.md\/en\/wp-json\/wp\/v2\/product"}],"about":[{"href":"https:\/\/hodina.md\/en\/wp-json\/wp\/v2\/types\/product"}],"replies":[{"embeddable":true,"href":"https:\/\/hodina.md\/en\/wp-json\/wp\/v2\/comments?post=9892"}],"wp:featuredmedia":[{"embeddable":true,"href":"https:\/\/hodina.md\/en\/wp-json\/wp\/v2\/media\/9250"}],"wp:attachment":[{"href":"https:\/\/hodina.md\/en\/wp-json\/wp\/v2\/media?parent=9892"}],"wp:term":[{"taxonomy":"product_brand","embeddable":true,"href":"https:\/\/hodina.md\/en\/wp-json\/wp\/v2\/product_brand?post=9892"},{"taxonomy":"product_cat","embeddable":true,"href":"https:\/\/hodina.md\/en\/wp-json\/wp\/v2\/product_cat?post=9892"},{"taxonomy":"product_tag","embeddable":true,"href":"https:\/\/hodina.md\/en\/wp-json\/wp\/v2\/product_tag?post=9892"}],"curies":[{"name":"wp","href":"https:\/\/api.w.org\/{rel}","templated":true}]}}