{"id":9893,"date":"2024-08-19T22:14:27","date_gmt":"2024-08-19T22:14:27","guid":{"rendered":"https:\/\/hodina.rsq-dev.com\/?post_type=product&#038;p=8917"},"modified":"2025-02-12T20:33:11","modified_gmt":"2025-02-12T18:33:11","slug":"popas-regal","status":"publish","type":"product","link":"https:\/\/hodina.md\/en\/product\/popas-regal\/","title":{"rendered":"Royal stopover"},"content":{"rendered":"<h2><span style=\"vertical-align: inherit\"><span style=\"vertical-align: inherit\"><span style=\"vertical-align: inherit\"><span style=\"vertical-align: inherit\">General description<\/span><\/span><\/span><\/span><\/h2>\n<p data-plugininputid=\"2138\">Every day spent at POPAS REGAL, through the strong connection with nature, turns out to be a unique experience for tourists.<\/p>\n<p data-plugininputid=\"2138\">Once here, tourists experience the variety of customs and traditions of the area to the fullest.<\/p>\n<p data-plugininputid=\"2138\">The POPAS REGAL agro-pension combines the traditional style specific to the place full of traditional painted motifs, porch, terrace, rustic ambient decor, with complete and modern accommodation facilities<\/p>","protected":false},"excerpt":{"rendered":"<p>Descriere general\u0103 Orice zi tr\u0103it\u0103 la POPAS REGAL, prin conexiunea puternic\u0103 cu natura, se dovede\u015fte a fi o experien\u0163\u0103 unic\u0103 pentru turi\u015fti. Ajun\u015fi aici, turi\u015ftii tr\u0103iesc din plin varietatea obiceiurilor \u0219i tradi\u021biilor zonei. Agropensiunea POPAS REGAL\u00a0\u00eembin\u0103 stilul tradi\u021bional specific locului plin de motive tradi\u021bionale pictate, prisp\u0103, teras\u0103, decor ambiental rustic, cu facilit\u0103\u021bi complete \u0219i moderne [&hellip;]<\/p>","protected":false},"featured_media":9233,"comment_status":"closed","ping_status":"closed","template":"","meta":[],"product_brand":[],"product_cat":[298,72],"product_tag":[],"class_list":{"0":"post-9893","1":"product","2":"type-product","3":"status-publish","4":"has-post-thumbnail","6":"brw_housing-pensiuni","7":"product_cat-cazari","8":"product_cat-pensiuni","10":"first","11":"instock","12":"featured","13":"shipping-taxable","14":"purchasable","15":"product-type-ovabrw_car_rental"},"aioseo_notices":[],"_links":{"self":[{"href":"https:\/\/hodina.md\/en\/wp-json\/wp\/v2\/product\/9893","targetHints":{"allow":["GET"]}}],"collection":[{"href":"https:\/\/hodina.md\/en\/wp-json\/wp\/v2\/product"}],"about":[{"href":"https:\/\/hodina.md\/en\/wp-json\/wp\/v2\/types\/product"}],"replies":[{"embeddable":true,"href":"https:\/\/hodina.md\/en\/wp-json\/wp\/v2\/comments?post=9893"}],"wp:featuredmedia":[{"embeddable":true,"href":"https:\/\/hodina.md\/en\/wp-json\/wp\/v2\/media\/9233"}],"wp:attachment":[{"href":"https:\/\/hodina.md\/en\/wp-json\/wp\/v2\/media?parent=9893"}],"wp:term":[{"taxonomy":"product_brand","embeddable":true,"href":"https:\/\/hodina.md\/en\/wp-json\/wp\/v2\/product_brand?post=9893"},{"taxonomy":"product_cat","embeddable":true,"href":"https:\/\/hodina.md\/en\/wp-json\/wp\/v2\/product_cat?post=9893"},{"taxonomy":"product_tag","embeddable":true,"href":"https:\/\/hodina.md\/en\/wp-json\/wp\/v2\/product_tag?post=9893"}],"curies":[{"name":"wp","href":"https:\/\/api.w.org\/{rel}","templated":true}]}}