{"id":9894,"date":"2024-08-19T22:39:06","date_gmt":"2024-08-19T22:39:06","guid":{"rendered":"https:\/\/hodina.rsq-dev.com\/?post_type=product&#038;p=8938"},"modified":"2025-02-12T20:33:12","modified_gmt":"2025-02-12T18:33:12","slug":"agropensiunea-bostaniada","status":"publish","type":"product","link":"https:\/\/hodina.md\/en\/product\/agropensiunea-bostaniada\/","title":{"rendered":"Agropension &quot;Bostaniada&quot;"},"content":{"rendered":"<h2><span style=\"vertical-align: inherit\"><span style=\"vertical-align: inherit\"><span style=\"vertical-align: inherit\"><span style=\"vertical-align: inherit\">General description<\/span><\/span><\/span><\/span><\/h2>\n<p data-plugininputid=\"2138\">The &quot;Bostaniada&quot; farm house welcomes you in a picturesque setting, just 28 km from Chisinau, with a modern infrastructure and a variety of facilities, including a sauna and possibilities for relaxing walks in nature.<\/p>\n<p>The festival of the same name is organized here, and over the years it has managed to bring together different people, but who share common values!<\/p>\n<p>When the heat becomes too insistent, we combat it with the shade of the trees in the orchard of the &quot;Bostaniada&quot; Agropension!\u00a0<br class=\"html-br\" \/><br class=\"html-br\" \/>We are waiting for you in the swinging hammocks with the pleasure of nature, the health of the clean air and the beautiful time spent on the shores of Lake B\u0103l\u0103b\u0103ne\u0219ti.<\/p>","protected":false},"excerpt":{"rendered":"<p>Descriere general\u0103 Agropensiunea \u201eBostaniada\u201d v\u0103 \u00eent\u00e2mpin\u0103 \u00eentr-un decor pitoresc, la doar 28 km de Chi\u0219in\u0103u, cu o infrastructur\u0103 modern\u0103 \u0219i o varietate de facilit\u0103\u021bi, inclusiv saun\u0103 \u0219i posibilit\u0103\u021bi pentru plimb\u0103ri relaxante \u00een natur\u0103. Aici se organizeaz\u0103 festivalul care poart\u0103 acela\u0219i nume, iar de-a lungul anilor a reu\u0219it s\u0103 str\u00e2ng\u0103 la un loc oameni diferi\u021bi, dar [&hellip;]<\/p>","protected":false},"featured_media":9213,"comment_status":"closed","ping_status":"closed","template":"","meta":[],"product_brand":[],"product_cat":[298,72],"product_tag":[],"class_list":{"0":"post-9894","1":"product","2":"type-product","3":"status-publish","4":"has-post-thumbnail","6":"brw_housing-pensiuni","7":"product_cat-cazari","8":"product_cat-pensiuni","10":"first","11":"instock","12":"featured","13":"shipping-taxable","14":"purchasable","15":"product-type-ovabrw_car_rental"},"aioseo_notices":[],"_links":{"self":[{"href":"https:\/\/hodina.md\/en\/wp-json\/wp\/v2\/product\/9894","targetHints":{"allow":["GET"]}}],"collection":[{"href":"https:\/\/hodina.md\/en\/wp-json\/wp\/v2\/product"}],"about":[{"href":"https:\/\/hodina.md\/en\/wp-json\/wp\/v2\/types\/product"}],"replies":[{"embeddable":true,"href":"https:\/\/hodina.md\/en\/wp-json\/wp\/v2\/comments?post=9894"}],"wp:featuredmedia":[{"embeddable":true,"href":"https:\/\/hodina.md\/en\/wp-json\/wp\/v2\/media\/9213"}],"wp:attachment":[{"href":"https:\/\/hodina.md\/en\/wp-json\/wp\/v2\/media?parent=9894"}],"wp:term":[{"taxonomy":"product_brand","embeddable":true,"href":"https:\/\/hodina.md\/en\/wp-json\/wp\/v2\/product_brand?post=9894"},{"taxonomy":"product_cat","embeddable":true,"href":"https:\/\/hodina.md\/en\/wp-json\/wp\/v2\/product_cat?post=9894"},{"taxonomy":"product_tag","embeddable":true,"href":"https:\/\/hodina.md\/en\/wp-json\/wp\/v2\/product_tag?post=9894"}],"curies":[{"name":"wp","href":"https:\/\/api.w.org\/{rel}","templated":true}]}}