{"id":9895,"date":"2024-08-19T22:51:05","date_gmt":"2024-08-19T22:51:05","guid":{"rendered":"https:\/\/hodina.rsq-dev.com\/?post_type=product&#038;p=8954"},"modified":"2025-03-03T23:03:01","modified_gmt":"2025-03-03T21:03:01","slug":"pensiunea-ancutei","status":"publish","type":"product","link":"https:\/\/hodina.md\/en\/product\/pensiunea-ancutei\/","title":{"rendered":"Ancu\u021bei guesthouse"},"content":{"rendered":"<h2><span style=\"vertical-align: inherit;\"><span style=\"vertical-align: inherit;\"><span style=\"vertical-align: inherit;\"><span style=\"vertical-align: inherit;\">General description<\/span><\/span><\/span><\/span><\/h2>\n<p data-plugininputid=\"2138\">Situat\u0103 pe malul pitoresc al Nistrului, la doar o or\u0103 de Chi\u0219in\u0103u, este locul potrivit pentru o evadare din agita\u021bia urban\u0103, unde natura \u0219i confortul se \u00eempletesc armonios.<\/p>\n<p data-plugininputid=\"2138\">Te po\u021bi bucura de confort, ospitalitate \u0219i o gam\u0103 variat\u0103 de activit\u0103\u021bi, de la plimb\u0103ri cu bicicleta \u0219i ATV-uri, la seri lini\u0219tite \u00een foi\u0219oare cu gr\u0103tar sau experien\u021be culinare tradi\u021bionale. Restaurantul spa\u021bios este ideal pentru evenimente speciale, iar proximitatea p\u0103durii \u0219i a complexului memorial \u201eCapul de Pod \u0218erpeni\u201d ofer\u0103 oportunit\u0103\u021bi pentru explorare \u0219i reflec\u021bie.<\/p>","protected":false},"excerpt":{"rendered":"<p>Descriere general\u0103 Situat\u0103 pe malul pitoresc al Nistrului, la doar o or\u0103 de Chi\u0219in\u0103u, este locul potrivit pentru o evadare din agita\u021bia urban\u0103, unde natura \u0219i confortul se \u00eempletesc armonios. Te po\u021bi bucura de confort, ospitalitate \u0219i o gam\u0103 variat\u0103 de activit\u0103\u021bi, de la plimb\u0103ri cu bicicleta \u0219i ATV-uri, la seri lini\u0219tite \u00een foi\u0219oare cu [&hellip;]<\/p>","protected":false},"featured_media":9198,"comment_status":"closed","ping_status":"closed","template":"","meta":[],"product_brand":[],"product_cat":[298,72],"product_tag":[],"class_list":{"0":"post-9895","1":"product","2":"type-product","3":"status-publish","4":"has-post-thumbnail","6":"brw_housing-pensiuni","7":"product_cat-cazari","8":"product_cat-pensiuni","10":"first","11":"instock","12":"featured","13":"shipping-taxable","14":"purchasable","15":"product-type-ovabrw_car_rental"},"aioseo_notices":[],"_links":{"self":[{"href":"https:\/\/hodina.md\/en\/wp-json\/wp\/v2\/product\/9895","targetHints":{"allow":["GET"]}}],"collection":[{"href":"https:\/\/hodina.md\/en\/wp-json\/wp\/v2\/product"}],"about":[{"href":"https:\/\/hodina.md\/en\/wp-json\/wp\/v2\/types\/product"}],"replies":[{"embeddable":true,"href":"https:\/\/hodina.md\/en\/wp-json\/wp\/v2\/comments?post=9895"}],"wp:featuredmedia":[{"embeddable":true,"href":"https:\/\/hodina.md\/en\/wp-json\/wp\/v2\/media\/9198"}],"wp:attachment":[{"href":"https:\/\/hodina.md\/en\/wp-json\/wp\/v2\/media?parent=9895"}],"wp:term":[{"taxonomy":"product_brand","embeddable":true,"href":"https:\/\/hodina.md\/en\/wp-json\/wp\/v2\/product_brand?post=9895"},{"taxonomy":"product_cat","embeddable":true,"href":"https:\/\/hodina.md\/en\/wp-json\/wp\/v2\/product_cat?post=9895"},{"taxonomy":"product_tag","embeddable":true,"href":"https:\/\/hodina.md\/en\/wp-json\/wp\/v2\/product_tag?post=9895"}],"curies":[{"name":"wp","href":"https:\/\/api.w.org\/{rel}","templated":true}]}}