{"id":9896,"date":"2024-08-19T23:01:45","date_gmt":"2024-08-19T23:01:45","guid":{"rendered":"https:\/\/hodina.rsq-dev.com\/?post_type=product&#038;p=8975"},"modified":"2025-02-12T20:33:12","modified_gmt":"2025-02-12T18:33:12","slug":"kazak-club","status":"publish","type":"product","link":"https:\/\/hodina.md\/en\/product\/kazak-club\/","title":{"rendered":"Kazak Club"},"content":{"rendered":"<h2><span style=\"vertical-align: inherit\"><span style=\"vertical-align: inherit\"><span style=\"vertical-align: inherit\"><span style=\"vertical-align: inherit\">General description<\/span><\/span><\/span><\/span><\/h2>\n<p data-plugininputid=\"2138\">Just a few kilometers from the capital, in Gr\u0103tiesti commune, tourists have the opportunity to interact with horses and take riding lessons.<\/p>\n<p data-plugininputid=\"2138\">The Kazac Club tourist complex offers, more recently, accommodation services and a whole list of recreation possibilities.<\/p>\n<p data-plugininputid=\"2138\">The main attraction that the Kazak Club tourist complex offers are the seven horses, meticulously cared for, daily trained and appreciated at the highest level in equestrian competitions.<\/p>\n<p data-plugininputid=\"2138\">At the same time, amateur horse riding tourists can try this sport themselves.<\/p>\n<p data-plugininputid=\"2138\">Instructors are ready to guide visitors from the youngest ages \u2013 starting with children as young as six.<\/p>","protected":false},"excerpt":{"rendered":"<p>Descriere general\u0103 La doar c\u00e2\u021biva kilometri de capital\u0103, \u00een comuna Gr\u0103tie\u0219ti, turi\u0219tii au posibilitatea s\u0103 interac\u021bioneze cu caii \u0219i s\u0103 ia lec\u021bii de echita\u021bie. Complexul turistic Kazac Club ofer\u0103, mai nou, servicii de cazare \u0219i o list\u0103 \u00eentreag\u0103 de posibilit\u0103\u021bi de recreere. Principala atrac\u021bie pe care o ofer\u0103 complexul turistic Kazak Club sunt cei \u0219apte [&hellip;]<\/p>","protected":false},"featured_media":9178,"comment_status":"closed","ping_status":"closed","template":"","meta":[],"product_brand":[],"product_cat":[298,72],"product_tag":[],"class_list":{"0":"post-9896","1":"product","2":"type-product","3":"status-publish","4":"has-post-thumbnail","6":"brw_housing-pensiuni","7":"product_cat-cazari","8":"product_cat-pensiuni","10":"first","11":"instock","12":"featured","13":"shipping-taxable","14":"purchasable","15":"product-type-ovabrw_car_rental"},"aioseo_notices":[],"_links":{"self":[{"href":"https:\/\/hodina.md\/en\/wp-json\/wp\/v2\/product\/9896","targetHints":{"allow":["GET"]}}],"collection":[{"href":"https:\/\/hodina.md\/en\/wp-json\/wp\/v2\/product"}],"about":[{"href":"https:\/\/hodina.md\/en\/wp-json\/wp\/v2\/types\/product"}],"replies":[{"embeddable":true,"href":"https:\/\/hodina.md\/en\/wp-json\/wp\/v2\/comments?post=9896"}],"wp:featuredmedia":[{"embeddable":true,"href":"https:\/\/hodina.md\/en\/wp-json\/wp\/v2\/media\/9178"}],"wp:attachment":[{"href":"https:\/\/hodina.md\/en\/wp-json\/wp\/v2\/media?parent=9896"}],"wp:term":[{"taxonomy":"product_brand","embeddable":true,"href":"https:\/\/hodina.md\/en\/wp-json\/wp\/v2\/product_brand?post=9896"},{"taxonomy":"product_cat","embeddable":true,"href":"https:\/\/hodina.md\/en\/wp-json\/wp\/v2\/product_cat?post=9896"},{"taxonomy":"product_tag","embeddable":true,"href":"https:\/\/hodina.md\/en\/wp-json\/wp\/v2\/product_tag?post=9896"}],"curies":[{"name":"wp","href":"https:\/\/api.w.org\/{rel}","templated":true}]}}