{"id":9897,"date":"2024-08-20T21:46:40","date_gmt":"2024-08-20T21:46:40","guid":{"rendered":"https:\/\/hodina.rsq-dev.com\/?post_type=product&#038;p=8984"},"modified":"2025-02-12T20:33:12","modified_gmt":"2025-02-12T18:33:12","slug":"inima-nistrului","status":"publish","type":"product","link":"https:\/\/hodina.md\/en\/product\/inima-nistrului\/","title":{"rendered":"The heart of the Dniester"},"content":{"rendered":"<h2><span style=\"vertical-align: inherit\"><span style=\"vertical-align: inherit\"><span style=\"vertical-align: inherit\"><span style=\"vertical-align: inherit\">General description<\/span><\/span><\/span><\/span><\/h2>\n<p data-plugininputid=\"2138\">In the HEART OF THE NISTRUL Region, the rural houses of the locals have opened their doors wide.<\/p>\n<p data-plugininputid=\"2138\">This wonderful region is located on a peninsula with the most beautiful bank of the Dniester River and the largest river island, it has a unique atmosphere, now offers the possibility to stay in a country house, to meet the locals, to taste traditional cuisine.<\/p>\n<p data-plugininputid=\"2138\">Only 36 km from Chisinau, you can stay in such rural houses.<\/p>","protected":false},"excerpt":{"rendered":"<p>Descriere general\u0103 \u00cen Regiunea INIMA NISTRULUI, casele rurale a localnicilor \u0219i-au deschis larg por\u021bile. Aceast\u0103 minunat\u0103 regiune este situat\u0103 pe o peninsul\u0103 cu cel mai frumos mal al r\u00e2ului Nistru \u0219i cea mai mare insul\u0103 fluvial\u0103, are o atmosfer\u0103 unic\u0103, ofer\u0103 acum posibilitatea de cazare \u00eentr-o cas\u0103 rural\u0103, de a face cuno\u0219tin\u021b\u0103 cu localnicii, de [&hellip;]<\/p>","protected":false},"featured_media":9170,"comment_status":"closed","ping_status":"closed","template":"","meta":[],"product_brand":[],"product_cat":[69,298],"product_tag":[],"class_list":{"0":"post-9897","1":"product","2":"type-product","3":"status-publish","4":"has-post-thumbnail","6":"brw_housing-case-traditionale","7":"product_cat-case-traditionale","8":"product_cat-cazari","10":"first","11":"instock","12":"featured","13":"shipping-taxable","14":"purchasable","15":"product-type-ovabrw_car_rental"},"aioseo_notices":[],"_links":{"self":[{"href":"https:\/\/hodina.md\/en\/wp-json\/wp\/v2\/product\/9897","targetHints":{"allow":["GET"]}}],"collection":[{"href":"https:\/\/hodina.md\/en\/wp-json\/wp\/v2\/product"}],"about":[{"href":"https:\/\/hodina.md\/en\/wp-json\/wp\/v2\/types\/product"}],"replies":[{"embeddable":true,"href":"https:\/\/hodina.md\/en\/wp-json\/wp\/v2\/comments?post=9897"}],"wp:featuredmedia":[{"embeddable":true,"href":"https:\/\/hodina.md\/en\/wp-json\/wp\/v2\/media\/9170"}],"wp:attachment":[{"href":"https:\/\/hodina.md\/en\/wp-json\/wp\/v2\/media?parent=9897"}],"wp:term":[{"taxonomy":"product_brand","embeddable":true,"href":"https:\/\/hodina.md\/en\/wp-json\/wp\/v2\/product_brand?post=9897"},{"taxonomy":"product_cat","embeddable":true,"href":"https:\/\/hodina.md\/en\/wp-json\/wp\/v2\/product_cat?post=9897"},{"taxonomy":"product_tag","embeddable":true,"href":"https:\/\/hodina.md\/en\/wp-json\/wp\/v2\/product_tag?post=9897"}],"curies":[{"name":"wp","href":"https:\/\/api.w.org\/{rel}","templated":true}]}}