{"id":9898,"date":"2024-08-20T21:57:11","date_gmt":"2024-08-20T21:57:11","guid":{"rendered":"https:\/\/hodina.rsq-dev.com\/?post_type=product&#038;p=8995"},"modified":"2025-02-12T20:33:12","modified_gmt":"2025-02-12T18:33:12","slug":"potcoava-verde","status":"publish","type":"product","link":"https:\/\/hodina.md\/en\/product\/potcoava-verde\/","title":{"rendered":"Potcoava Verde"},"content":{"rendered":"<h2><span style=\"vertical-align: inherit;\"><span style=\"vertical-align: inherit;\"><span style=\"vertical-align: inherit;\"><span style=\"vertical-align: inherit;\">General description<\/span><\/span><\/span><\/span><\/h2>\n<p data-plugininputid=\"2138\">Situat\u0103 \u00eentr-o loca\u021bie de unde se deschide \u00eentreaga priveli\u0219te a rezerva\u021biei Lunca Prutului de Jos. Aceasta dispune de trei c\u0103su\u021be \u0219i 50 de spa\u021bii pentru corturi.<\/p>\n<p data-plugininputid=\"2138\">Plimb\u0103rile c\u0103lare prin peisajele fermec\u0103toare ale Sloboziei Mare \u0219i Rezerva\u021biei Prutul de Jos v\u0103 vor \u00eenc\u00e2nta cu siguran\u021b\u0103. Pentru iubitorii de natur\u0103 \u0219i activit\u0103\u021bi \u00een aer liber, avem trasee de drume\u021bie care v\u0103 vor dezv\u0103lui frumuse\u021bea s\u0103lbatic\u0103 a zonei.<\/p>\n<p data-plugininputid=\"2138\">Fie c\u0103 sunte\u021bi \u00een c\u0103utarea unei escapade active sau a unei oaze de lini\u0219te, Pensiunea Potcoava Verde ofer\u0103 tot ce ave\u021bi nevoie pentru a crea amintiri de neuitat. Veni\u021bi s\u0103 v\u0103 conecta\u021bi cu natura \u0219i s\u0103 tr\u0103i\u021bi momente magice \u00eentr-un cadru pitoresc \u0219i prietenos.<\/p>","protected":false},"excerpt":{"rendered":"<p>Descriere general\u0103 Situat\u0103 \u00eentr-o loca\u021bie de unde se deschide \u00eentreaga priveli\u0219te a rezerva\u021biei Lunca Prutului de Jos. Aceasta dispune de trei c\u0103su\u021be \u0219i 50 de spa\u021bii pentru corturi. Plimb\u0103rile c\u0103lare prin peisajele fermec\u0103toare ale Sloboziei Mare \u0219i Rezerva\u021biei Prutul de Jos v\u0103 vor \u00eenc\u00e2nta cu siguran\u021b\u0103. Pentru iubitorii de natur\u0103 \u0219i activit\u0103\u021bi \u00een aer liber, [&hellip;]<\/p>","protected":false},"featured_media":9160,"comment_status":"closed","ping_status":"closed","template":"","meta":[],"product_brand":[],"product_cat":[75,298],"product_tag":[],"class_list":{"0":"post-9898","1":"product","2":"type-product","3":"status-publish","4":"has-post-thumbnail","6":"brw_housing-camping","7":"product_cat-camping","8":"product_cat-cazari","10":"first","11":"instock","12":"featured","13":"shipping-taxable","14":"purchasable","15":"product-type-ovabrw_car_rental"},"aioseo_notices":[],"_links":{"self":[{"href":"https:\/\/hodina.md\/en\/wp-json\/wp\/v2\/product\/9898","targetHints":{"allow":["GET"]}}],"collection":[{"href":"https:\/\/hodina.md\/en\/wp-json\/wp\/v2\/product"}],"about":[{"href":"https:\/\/hodina.md\/en\/wp-json\/wp\/v2\/types\/product"}],"replies":[{"embeddable":true,"href":"https:\/\/hodina.md\/en\/wp-json\/wp\/v2\/comments?post=9898"}],"wp:featuredmedia":[{"embeddable":true,"href":"https:\/\/hodina.md\/en\/wp-json\/wp\/v2\/media\/9160"}],"wp:attachment":[{"href":"https:\/\/hodina.md\/en\/wp-json\/wp\/v2\/media?parent=9898"}],"wp:term":[{"taxonomy":"product_brand","embeddable":true,"href":"https:\/\/hodina.md\/en\/wp-json\/wp\/v2\/product_brand?post=9898"},{"taxonomy":"product_cat","embeddable":true,"href":"https:\/\/hodina.md\/en\/wp-json\/wp\/v2\/product_cat?post=9898"},{"taxonomy":"product_tag","embeddable":true,"href":"https:\/\/hodina.md\/en\/wp-json\/wp\/v2\/product_tag?post=9898"}],"curies":[{"name":"wp","href":"https:\/\/api.w.org\/{rel}","templated":true}]}}