{"id":9900,"date":"2024-08-20T22:25:56","date_gmt":"2024-08-20T22:25:56","guid":{"rendered":"https:\/\/hodina.rsq-dev.com\/?post_type=product&#038;p=9023"},"modified":"2025-02-12T20:33:12","modified_gmt":"2025-02-12T18:33:12","slug":"poarta-neamului","status":"publish","type":"product","link":"https:\/\/hodina.md\/en\/product\/poarta-neamului\/","title":{"rendered":"Gate of the Nation"},"content":{"rendered":"<h2><span style=\"vertical-align: inherit\"><span style=\"vertical-align: inherit\"><span style=\"vertical-align: inherit\"><span style=\"vertical-align: inherit\">General description<\/span><\/span><\/span><\/span><\/h2>\n<p data-plugininputid=\"2138\">In the center of the Poarta Neamului complex is the ancestral home, 100 years old, where the father of the family spent his childhood.<\/p>\n<p data-plugininputid=\"2138\">Today, the house is transformed into a museum that aims to share with visitors local cultural traditions and stories, passed down from one generation to another.<\/p>\n<p data-plugininputid=\"2138\">The old wood-fired oven has been rebuilt to prepare dishes exactly as grandma used to make them.<\/p>","protected":false},"excerpt":{"rendered":"<p>Descriere general\u0103 \u00cen centrul complexului Poarta Neamului se afl\u0103 casa p\u0103rinteasc\u0103, cu o vechime de 100 de ani, \u00een care tat\u0103l familiei \u0219i-a petrecut copil\u0103ria. Ast\u0103zi, casa este transformat\u0103 \u00eentr-un muzeu care are menirea de a \u00eemp\u0103rt\u0103\u0219i cu vizitatorii tradi\u021biile \u0219i pove\u0219tile culturale locale, transmise dintr-o genera\u021bie \u00een alta. Vechiul cuptor cu lemne a fost [&hellip;]<\/p>","protected":false},"featured_media":9134,"comment_status":"closed","ping_status":"closed","template":"","meta":[],"product_brand":[],"product_cat":[298,72],"product_tag":[],"class_list":{"0":"post-9900","1":"product","2":"type-product","3":"status-publish","4":"has-post-thumbnail","6":"brw_housing-pensiuni","7":"product_cat-cazari","8":"product_cat-pensiuni","10":"first","11":"instock","12":"featured","13":"shipping-taxable","14":"purchasable","15":"product-type-ovabrw_car_rental"},"aioseo_notices":[],"_links":{"self":[{"href":"https:\/\/hodina.md\/en\/wp-json\/wp\/v2\/product\/9900","targetHints":{"allow":["GET"]}}],"collection":[{"href":"https:\/\/hodina.md\/en\/wp-json\/wp\/v2\/product"}],"about":[{"href":"https:\/\/hodina.md\/en\/wp-json\/wp\/v2\/types\/product"}],"replies":[{"embeddable":true,"href":"https:\/\/hodina.md\/en\/wp-json\/wp\/v2\/comments?post=9900"}],"wp:featuredmedia":[{"embeddable":true,"href":"https:\/\/hodina.md\/en\/wp-json\/wp\/v2\/media\/9134"}],"wp:attachment":[{"href":"https:\/\/hodina.md\/en\/wp-json\/wp\/v2\/media?parent=9900"}],"wp:term":[{"taxonomy":"product_brand","embeddable":true,"href":"https:\/\/hodina.md\/en\/wp-json\/wp\/v2\/product_brand?post=9900"},{"taxonomy":"product_cat","embeddable":true,"href":"https:\/\/hodina.md\/en\/wp-json\/wp\/v2\/product_cat?post=9900"},{"taxonomy":"product_tag","embeddable":true,"href":"https:\/\/hodina.md\/en\/wp-json\/wp\/v2\/product_tag?post=9900"}],"curies":[{"name":"wp","href":"https:\/\/api.w.org\/{rel}","templated":true}]}}