{"id":9901,"date":"2024-08-20T22:37:35","date_gmt":"2024-08-20T22:37:35","guid":{"rendered":"https:\/\/hodina.rsq-dev.com\/?post_type=product&#038;p=9031"},"modified":"2025-02-12T20:33:12","modified_gmt":"2025-02-12T18:33:12","slug":"villas-prut","status":"publish","type":"product","link":"https:\/\/hodina.md\/en\/product\/villas-prut\/","title":{"rendered":"Villas Prut"},"content":{"rendered":"<h2><span style=\"vertical-align: inherit\"><span style=\"vertical-align: inherit\"><span style=\"vertical-align: inherit\"><span style=\"vertical-align: inherit\">General description<\/span><\/span><\/span><\/span><\/h2>\n<p data-plugininputid=\"2138\">Escape from the everyday hustle and bustle and treat yourself to a unique experience at our guesthouse.<\/p>\n<p data-plugininputid=\"2138\">Set in a dreamy landscape, it offers you the comfort and privacy you need to relax and restore your energy.<\/p>\n<p data-plugininputid=\"2138\">The Villas Prut guesthouse is located on the banks of the Prut river in the town. Coste\u0219ti, R\u00ee\u0219cani district, at a distance of 210 km from Chisinau.<\/p>","protected":false},"excerpt":{"rendered":"<p>Descriere general\u0103 Evadeaz\u0103 din agita\u021bia cotidian\u0103 \u0219i r\u0103sfa\u021b\u0103-te cu o experien\u021b\u0103 unic\u0103 la pensiunea noastr\u0103. Situat\u0103 \u00eentr-un peisaj de vis, aceasta v\u0103 ofer\u0103 confortul \u0219i intimitatea de care ave\u021bi nevoie pentru a v\u0103 relaxa \u0219i a v\u0103 restabili energia. Pensiunea Villas Prut este amplasat\u0103 pe malul r\u00e2ului Prut din or. Coste\u0219ti, r-ul R\u00ee\u0219cani, la o [&hellip;]<\/p>","protected":false},"featured_media":9123,"comment_status":"closed","ping_status":"closed","template":"","meta":[],"product_brand":[],"product_cat":[298,73],"product_tag":[],"class_list":{"0":"post-9901","1":"product","2":"type-product","3":"status-publish","4":"has-post-thumbnail","6":"brw_housing-vile","7":"product_cat-cazari","8":"product_cat-vile","10":"first","11":"instock","12":"featured","13":"shipping-taxable","14":"purchasable","15":"product-type-ovabrw_car_rental"},"aioseo_notices":[],"_links":{"self":[{"href":"https:\/\/hodina.md\/en\/wp-json\/wp\/v2\/product\/9901","targetHints":{"allow":["GET"]}}],"collection":[{"href":"https:\/\/hodina.md\/en\/wp-json\/wp\/v2\/product"}],"about":[{"href":"https:\/\/hodina.md\/en\/wp-json\/wp\/v2\/types\/product"}],"replies":[{"embeddable":true,"href":"https:\/\/hodina.md\/en\/wp-json\/wp\/v2\/comments?post=9901"}],"wp:featuredmedia":[{"embeddable":true,"href":"https:\/\/hodina.md\/en\/wp-json\/wp\/v2\/media\/9123"}],"wp:attachment":[{"href":"https:\/\/hodina.md\/en\/wp-json\/wp\/v2\/media?parent=9901"}],"wp:term":[{"taxonomy":"product_brand","embeddable":true,"href":"https:\/\/hodina.md\/en\/wp-json\/wp\/v2\/product_brand?post=9901"},{"taxonomy":"product_cat","embeddable":true,"href":"https:\/\/hodina.md\/en\/wp-json\/wp\/v2\/product_cat?post=9901"},{"taxonomy":"product_tag","embeddable":true,"href":"https:\/\/hodina.md\/en\/wp-json\/wp\/v2\/product_tag?post=9901"}],"curies":[{"name":"wp","href":"https:\/\/api.w.org\/{rel}","templated":true}]}}