{"id":9929,"date":"2024-08-30T09:00:58","date_gmt":"2024-08-30T06:00:58","guid":{"rendered":"https:\/\/hodina.md\/?post_type=product&#038;p=9929"},"modified":"2025-08-23T12:14:24","modified_gmt":"2025-08-23T09:14:24","slug":"excursie-degustare-de-bere","status":"publish","type":"product","link":"https:\/\/hodina.md\/en\/product\/excursie-degustare-de-bere\/","title":{"rendered":"Excursion + Beer Tasting"},"content":{"rendered":"<h2>General description<\/h2>\n<p>If you want to learn more about the first brewery in Chisinau, learn how beer is made and participate in a unique tasting, come to the Chisinau Beer Tour!<\/p>\n<p>What awaits you on the Chisinau Beer Tour?<br \/>\nYou will get to know the history of beer and our factory<br \/>\nYou will visit the production and bottling sections<br \/>\nYou will taste 4 special beers from the Efes Moldova portfolio<br \/>\nYou will taste Chisinau unfiltered beer, directly from the fermentation tank<\/p>","protected":false},"excerpt":{"rendered":"<p>Descriere general\u0103 Dac\u0103 vrei s\u0103 afli mai multe despre prima fabric\u0103 de bere din Chi\u0219in\u0103u, s\u0103 cuno\u0219ti cum se face berea \u0219i s\u0103 participi la o degustare unic\u0103, vino la Turul Berii Chi\u0219in\u0103u! Ce te a\u0219teapt\u0103 \u00een Turul Berii Chi\u0219in\u0103u? Vei cunoa\u0219te istoria berii \u0219i a fabricii noastre Vei vizita sec\u021biile de producere \u0219i de [&hellip;]<\/p>","protected":false},"featured_media":9930,"comment_status":"closed","ping_status":"closed","template":"","meta":[],"product_brand":[],"product_cat":[297,301],"product_tag":[],"class_list":{"0":"post-9929","1":"product","2":"type-product","3":"status-publish","4":"has-post-thumbnail","6":"brw_destinatii-degustare","7":"brw_mood-curios","8":"brw_location-chisinau","9":"product_cat-activitati","10":"product_cat-tur-degustare","11":"pa_number-106","13":"first","14":"instock","15":"featured","16":"shipping-taxable","17":"purchasable","18":"product-type-ovabrw_car_rental"},"aioseo_notices":[],"_links":{"self":[{"href":"https:\/\/hodina.md\/en\/wp-json\/wp\/v2\/product\/9929","targetHints":{"allow":["GET"]}}],"collection":[{"href":"https:\/\/hodina.md\/en\/wp-json\/wp\/v2\/product"}],"about":[{"href":"https:\/\/hodina.md\/en\/wp-json\/wp\/v2\/types\/product"}],"replies":[{"embeddable":true,"href":"https:\/\/hodina.md\/en\/wp-json\/wp\/v2\/comments?post=9929"}],"wp:featuredmedia":[{"embeddable":true,"href":"https:\/\/hodina.md\/en\/wp-json\/wp\/v2\/media\/9930"}],"wp:attachment":[{"href":"https:\/\/hodina.md\/en\/wp-json\/wp\/v2\/media?parent=9929"}],"wp:term":[{"taxonomy":"product_brand","embeddable":true,"href":"https:\/\/hodina.md\/en\/wp-json\/wp\/v2\/product_brand?post=9929"},{"taxonomy":"product_cat","embeddable":true,"href":"https:\/\/hodina.md\/en\/wp-json\/wp\/v2\/product_cat?post=9929"},{"taxonomy":"product_tag","embeddable":true,"href":"https:\/\/hodina.md\/en\/wp-json\/wp\/v2\/product_tag?post=9929"}],"curies":[{"name":"wp","href":"https:\/\/api.w.org\/{rel}","templated":true}]}}