{"id":9958,"date":"2024-09-02T22:17:34","date_gmt":"2024-09-02T19:17:34","guid":{"rendered":"https:\/\/hodina.md\/?post_type=product&#038;p=9958"},"modified":"2025-08-23T12:13:10","modified_gmt":"2025-08-23T09:13:10","slug":"plimbare-cu-calul-in-natura-relaxare-la-bazin-si-un-pranz-traditional","status":"publish","type":"product","link":"https:\/\/hodina.md\/en\/product\/plimbare-cu-calul-in-natura-relaxare-la-bazin-si-un-pranz-traditional\/","title":{"rendered":"Horse riding in nature, relaxing by the pool and a traditional lunch"},"content":{"rendered":"<h2>General description<\/h2>\n<p>The experience begins with a foray into the farm grounds, where you will meet the horses and discover the secrets of farm life.<\/p>\n<p>Then, the adventure continues with a horseback ride through the quiet landscapes of the village, where you will find the peace of nature.<\/p>\n<p>Whether it&#039;s your first experience riding or you&#039;ve had such moments before, the route will be adapted to your level, ensuring comfort and safety.<\/p>\n<p>After this horseback adventure, a welcome break awaits you at the outdoor pool, where you can relax in the sun.<\/p>\n<p>The day will end perfectly with a traditional Moldovan lunch, prepared locally, with fresh products and authentic flavors.<\/p>\n<p><strong>Important note:<\/strong> Nature riding is only available to those with previous experience who are comfortable in the saddle. The decision on the type of walk will be established by the guides, depending on the level of each participant.<\/p>","protected":false},"excerpt":{"rendered":"<p>Descriere general\u0103 Experien\u021ba \u00eencepe cu o incursiune pe teritoriul fermei, unde vei face cuno\u0219tin\u021b\u0103 cu caii \u0219i vei descoperi secretele vie\u021bii de la ferm\u0103. Apoi, aventura continu\u0103 cu o plimbare c\u0103lare prin peisajele lini\u0219tite ale satului, unde vei reg\u0103si lini\u0219tea naturii. Fie c\u0103 e\u0219ti la prima experien\u021b\u0103 c\u0103lare sau ai mai avut astfel de momente, [&hellip;]<\/p>","protected":false},"featured_media":9968,"comment_status":"closed","ping_status":"closed","template":"","meta":[],"product_brand":[],"product_cat":[297,59,57],"product_tag":[],"class_list":{"0":"post-9958","1":"product","2":"type-product","3":"status-publish","4":"has-post-thumbnail","6":"brw_destinatii-calarie","7":"brw_destinatii-in-natura","8":"brw_mood-activ","9":"brw_mood-aventuros","10":"brw_mood-creativ","11":"brw_mood-inspirat","12":"brw_location-chisinau","13":"brw_location-criuleni","14":"product_cat-activitati","15":"product_cat-calarie","16":"product_cat-in-natura","17":"pa_number-106","19":"first","20":"instock","21":"featured","22":"shipping-taxable","23":"purchasable","24":"product-type-ovabrw_car_rental"},"aioseo_notices":[],"_links":{"self":[{"href":"https:\/\/hodina.md\/en\/wp-json\/wp\/v2\/product\/9958","targetHints":{"allow":["GET"]}}],"collection":[{"href":"https:\/\/hodina.md\/en\/wp-json\/wp\/v2\/product"}],"about":[{"href":"https:\/\/hodina.md\/en\/wp-json\/wp\/v2\/types\/product"}],"replies":[{"embeddable":true,"href":"https:\/\/hodina.md\/en\/wp-json\/wp\/v2\/comments?post=9958"}],"wp:featuredmedia":[{"embeddable":true,"href":"https:\/\/hodina.md\/en\/wp-json\/wp\/v2\/media\/9968"}],"wp:attachment":[{"href":"https:\/\/hodina.md\/en\/wp-json\/wp\/v2\/media?parent=9958"}],"wp:term":[{"taxonomy":"product_brand","embeddable":true,"href":"https:\/\/hodina.md\/en\/wp-json\/wp\/v2\/product_brand?post=9958"},{"taxonomy":"product_cat","embeddable":true,"href":"https:\/\/hodina.md\/en\/wp-json\/wp\/v2\/product_cat?post=9958"},{"taxonomy":"product_tag","embeddable":true,"href":"https:\/\/hodina.md\/en\/wp-json\/wp\/v2\/product_tag?post=9958"}],"curies":[{"name":"wp","href":"https:\/\/api.w.org\/{rel}","templated":true}]}}