{"id":9972,"date":"2024-09-02T22:30:27","date_gmt":"2024-09-02T19:30:27","guid":{"rendered":"https:\/\/hodina.md\/?post_type=product&#038;p=9972"},"modified":"2025-08-23T12:12:53","modified_gmt":"2025-08-23T09:12:53","slug":"plimbare-cu-calul","status":"publish","type":"product","link":"https:\/\/hodina.md\/en\/product\/plimbare-cu-calul\/","title":{"rendered":"Horse riding"},"content":{"rendered":"<h2>General description<\/h2>\n<p>The experience begins with a foray into the farm grounds, where you will meet the horses and discover the secrets of farm life.<\/p>\n<p>Then, ride on horseback around the farm or through the quiet landscapes of the village, where you will find the peace of nature.<\/p>\n<p>Whether it&#039;s your first experience riding or you&#039;ve had such moments before, the route will be adapted to your level, ensuring comfort and safety.<\/p>\n<p><strong>Important note:<\/strong> Nature riding is only available to those with previous experience who are comfortable in the saddle. The decision on the type of walk will be established by the guides, depending on the level of each participant.<\/p>","protected":false},"excerpt":{"rendered":"<p>Descriere general\u0103 Experien\u021ba \u00eencepe cu o incursiune pe teritoriul fermei, unde vei face cuno\u0219tin\u021b\u0103 cu caii \u0219i vei descoperi secretele vie\u021bii de la ferm\u0103. Apoi, urmeaz\u0103 plimbarea c\u0103lare pe \u00eemprejurimile fermei sau prin peisajele lini\u0219tite ale satului, unde vei reg\u0103si lini\u0219tea naturii. Fie c\u0103 e\u0219ti la prima experien\u021b\u0103 c\u0103lare sau ai mai avut astfel de [&hellip;]<\/p>","protected":false},"featured_media":9973,"comment_status":"closed","ping_status":"closed","template":"","meta":[],"product_brand":[],"product_cat":[297,59,57],"product_tag":[],"class_list":{"0":"post-9972","1":"product","2":"type-product","3":"status-publish","4":"has-post-thumbnail","6":"brw_destinatii-calarie","7":"brw_destinatii-in-natura","8":"brw_mood-activ","9":"brw_mood-aventuros","10":"brw_location-chisinau","11":"brw_location-criuleni","12":"product_cat-activitati","13":"product_cat-calarie","14":"product_cat-in-natura","15":"pa_number-106","17":"first","18":"instock","19":"featured","20":"shipping-taxable","21":"purchasable","22":"product-type-ovabrw_car_rental"},"aioseo_notices":[],"_links":{"self":[{"href":"https:\/\/hodina.md\/en\/wp-json\/wp\/v2\/product\/9972","targetHints":{"allow":["GET"]}}],"collection":[{"href":"https:\/\/hodina.md\/en\/wp-json\/wp\/v2\/product"}],"about":[{"href":"https:\/\/hodina.md\/en\/wp-json\/wp\/v2\/types\/product"}],"replies":[{"embeddable":true,"href":"https:\/\/hodina.md\/en\/wp-json\/wp\/v2\/comments?post=9972"}],"wp:featuredmedia":[{"embeddable":true,"href":"https:\/\/hodina.md\/en\/wp-json\/wp\/v2\/media\/9973"}],"wp:attachment":[{"href":"https:\/\/hodina.md\/en\/wp-json\/wp\/v2\/media?parent=9972"}],"wp:term":[{"taxonomy":"product_brand","embeddable":true,"href":"https:\/\/hodina.md\/en\/wp-json\/wp\/v2\/product_brand?post=9972"},{"taxonomy":"product_cat","embeddable":true,"href":"https:\/\/hodina.md\/en\/wp-json\/wp\/v2\/product_cat?post=9972"},{"taxonomy":"product_tag","embeddable":true,"href":"https:\/\/hodina.md\/en\/wp-json\/wp\/v2\/product_tag?post=9972"}],"curies":[{"name":"wp","href":"https:\/\/api.w.org\/{rel}","templated":true}]}}