{"id":9987,"date":"2024-09-02T22:41:30","date_gmt":"2024-09-02T19:41:30","guid":{"rendered":"https:\/\/hodina.md\/?post_type=product&#038;p=9987"},"modified":"2025-08-23T12:12:27","modified_gmt":"2025-08-23T09:12:27","slug":"excursie-orasul-caprelor-kozy","status":"publish","type":"product","link":"https:\/\/hodina.md\/en\/product\/excursie-orasul-caprelor-kozy\/","title":{"rendered":"Excursion City of Goats &quot;Kozy&quot;"},"content":{"rendered":"<h2>General description<\/h2>\n<p>The town where the goats have their own town with a town hall, police department, post office and even a currency.<\/p>\n<p>The idea of a goat town was brought from Ukraine, by Olga Kopylova, and the design and infrastructure were conceived by the architect Serghei M\u00eerza.<\/p>\n<p>The animals live in freedom, in their own city, with streets, houses, and even have a &quot;city hall&quot;, &quot;police station&quot;, &quot;post office&quot; and an &quot;art gallery&quot;.<\/p>\n<p>Currently, the &quot;Kozy town&quot; is home to 110 goats.<\/p>\n<p>Each of them has a name.<\/p>\n<p>Marcel is the &quot;mayor&quot; of the town - a Boer goat.<\/p>\n<p>It is curious that the &quot;City of Goats&quot; has its own currency, called &quot;kozy coin&quot;. \u201cAny product in the city can only be bought with those coins. It&#039;s like entering another country and using foreign currency.&quot;<\/p>\n<p>The coins can be bought at the currency exchange: a &quot;kozy coin&quot; costs 25 Moldovan lei.<\/p>","protected":false},"excerpt":{"rendered":"<p>Descriere general\u0103 Localitatea unde caprele au propriul ora\u0219 cu prim\u0103rie, sector de poli\u021bie, po\u0219t\u0103 \u0219i chiar moned\u0103. Ideea unui or\u0103\u0219el al caprelor a fost adus\u0103 din Ucraina, de c\u0103tre Olga Kopylova, iar designul \u0219i infrastructura au fost concepute de c\u0103tre arhitectul Serghei M\u00eerza. Animalele tr\u0103iesc \u00een libertate, \u00een propriul s\u0103u ora\u0219, cu str\u0103zi, case, ba [&hellip;]<\/p>","protected":false},"featured_media":9988,"comment_status":"closed","ping_status":"closed","template":"","meta":[],"product_brand":[],"product_cat":[297,57],"product_tag":[],"class_list":{"0":"post-9987","1":"product","2":"type-product","3":"status-publish","4":"has-post-thumbnail","6":"brw_destinatii-excursii","7":"brw_destinatii-in-natura","8":"brw_mood-activ","9":"brw_mood-aventuros","10":"brw_mood-creativ","11":"brw_mood-curios","12":"brw_mood-inspirat","13":"brw_mood-sociabil","14":"brw_location-dubasari","15":"product_cat-activitati","16":"product_cat-in-natura","17":"pa_number-106","19":"first","20":"instock","21":"featured","22":"shipping-taxable","23":"purchasable","24":"product-type-ovabrw_car_rental"},"aioseo_notices":[],"_links":{"self":[{"href":"https:\/\/hodina.md\/en\/wp-json\/wp\/v2\/product\/9987","targetHints":{"allow":["GET"]}}],"collection":[{"href":"https:\/\/hodina.md\/en\/wp-json\/wp\/v2\/product"}],"about":[{"href":"https:\/\/hodina.md\/en\/wp-json\/wp\/v2\/types\/product"}],"replies":[{"embeddable":true,"href":"https:\/\/hodina.md\/en\/wp-json\/wp\/v2\/comments?post=9987"}],"wp:featuredmedia":[{"embeddable":true,"href":"https:\/\/hodina.md\/en\/wp-json\/wp\/v2\/media\/9988"}],"wp:attachment":[{"href":"https:\/\/hodina.md\/en\/wp-json\/wp\/v2\/media?parent=9987"}],"wp:term":[{"taxonomy":"product_brand","embeddable":true,"href":"https:\/\/hodina.md\/en\/wp-json\/wp\/v2\/product_brand?post=9987"},{"taxonomy":"product_cat","embeddable":true,"href":"https:\/\/hodina.md\/en\/wp-json\/wp\/v2\/product_cat?post=9987"},{"taxonomy":"product_tag","embeddable":true,"href":"https:\/\/hodina.md\/en\/wp-json\/wp\/v2\/product_tag?post=9987"}],"curies":[{"name":"wp","href":"https:\/\/api.w.org\/{rel}","templated":true}]}}